{"id":771,"date":"2020-11-26T06:38:43","date_gmt":"2020-11-26T06:38:43","guid":{"rendered":"http:\/\/www.slashcreative.co\/dmip\/psychare\/?page_id=771"},"modified":"2024-12-05T15:44:11","modified_gmt":"2024-12-05T14:44:11","slug":"dating-relationship","status":"publish","type":"page","link":"https:\/\/therapieducoach.com\/index.php\/programs\/dating-relationship\/","title":{"rendered":"Th\u00e9rapie individuelle"},"content":{"rendered":"<p>[vc_row content_style=&#8221;content_dark&#8221;][vc_column content_style=&#8221;content_dark&#8221;][vc_custom_heading source=&#8221;&#8221; text=&#8221;La th\u00e9rapie individuelle est un espace privil\u00e9gi\u00e9, enti\u00e8rement d\u00e9di\u00e9 \u00e0 vous et \u00e0 votre bien-\u00eatre. Ce type d\u2019accompagnement vous permet d\u2019explorer en profondeur vos pens\u00e9es, vos \u00e9motions et vos comportements, tout en b\u00e9n\u00e9ficiant d\u2019une \u00e9coute attentive et bienveillante.&#8221; font_container=&#8221;tag:p|font_size:18|text_align:left&#8221; custom_heading_font_weights=&#8221;font-600&#8243; css=&#8221;.vc_custom_1732969882658{margin-bottom: 25px !important;}&#8221;][vc_custom_heading source=&#8221;&#8221; text=&#8221;Mon approche&#8221; font_container=&#8221;tag:h3|font_size:27|text_align:left&#8221; custom_heading_font_weights=&#8221;font-700&#8243; css=&#8221;.vc_custom_1732969899880{margin-bottom: 20px !important;}&#8221;][vc_custom_heading source=&#8221;&#8221; text=&#8221;En tant que psycho-praticien, j\u2019adopte une approche humaniste centr\u00e9e sur vos besoins et vos attentes sp\u00e9cifiques. Chaque s\u00e9ance est personnalis\u00e9e et structur\u00e9e pour r\u00e9pondre \u00e0 vos objectifs personnels. Mon r\u00f4le est de vous offrir un cadre s\u00e9curisant et sans jugement, dans lequel vous pouvez exprimer librement vos ressentis et vos questionnements.&#8221; font_container=&#8221;tag:p|text_align:left&#8221; custom_heading_font_weights=&#8221;font-400&#8243; css=&#8221;.vc_custom_1732969917470{margin-bottom: 40px !important;}&#8221;][vc_single_image image=&#8221;1395&#8243; img_size=&#8221;full&#8221; alignment=&#8221;center&#8221;][\/vc_column][\/vc_row][vc_row content_style=&#8221;content_dark&#8221;][vc_column content_style=&#8221;content_dark&#8221;][vc_custom_heading source=&#8221;&#8221; text=&#8221;Gr\u00e2ce \u00e0 des m\u00e9thodes \u00e9prouv\u00e9es, adapt\u00e9es \u00e0 votre rythme et \u00e0 votre situation, nous travaillerons ensemble pour identifier les blocages, les sch\u00e9mas r\u00e9p\u00e9titifs ou les sources de mal-\u00eatre. Mon accompagnement repose sur des techniques telles que l\u2019\u00e9coute active, l\u2019introspection guid\u00e9e, ou encore des exercices pratiques pour mieux comprendre vos exp\u00e9riences et transformer vos difficult\u00e9s.&#8221; font_container=&#8221;tag:p|text_align:left&#8221; custom_heading_font_weights=&#8221;font-400&#8243; css=&#8221;.vc_custom_1732969942528{margin-bottom: 24px !important;}&#8221;][vc_custom_heading source=&#8221;&#8221; text=&#8221;Les b\u00e9n\u00e9fices de la th\u00e9rapie individuelle&#8221; font_container=&#8221;tag:h3|font_size:27|text_align:left&#8221; custom_heading_font_weights=&#8221;font-700&#8243; css=&#8221;.vc_custom_1732969966521{margin-bottom: 20px !important;}&#8221;][vc_column_text]Am\u00e9lioration de la gestion \u00e9motionnelle : Apprendre \u00e0 mieux comprendre et g\u00e9rer vos \u00e9motions au quotidien.<\/p>\n<p><strong>\u2022 Renforcement de l\u2019estime de soi :<\/strong> Retrouver confiance en vos capacit\u00e9s et en votre potentiel.<\/p>\n<p><strong>\u2022 Clart\u00e9 face aux situations difficiles :<\/strong> Analyser les probl\u00e9matiques avec plus de recul et de s\u00e9r\u00e9nit\u00e9.<\/p>\n<p><strong>\u2022 R\u00e9duction du stress et de l\u2019anxi\u00e9t\u00e9 :<\/strong> Apprivoiser vos inqui\u00e9tudes pour retrouver un \u00e9tat de calme int\u00e9rieur.<\/p>\n<p><strong>\u2022 D\u00e9veloppement des relations saines :<\/strong> Mieux communiquer et interagir avec les autres.[\/vc_column_text][vc_custom_heading source=&#8221;&#8221; text=&#8221;Les objectifs \u00e0 atteindre&#8221; font_container=&#8221;tag:h3|font_size:27|text_align:left&#8221; custom_heading_font_weights=&#8221;font-700&#8243; css=&#8221;.vc_custom_1732970034555{margin-bottom: 20px !important;}&#8221;][vc_custom_heading source=&#8221;&#8221; text=&#8221;L\u2019objectif principal de la th\u00e9rapie individuelle est de vous permettre de retrouver un \u00e9quilibre \u00e9motionnel et psychologique. \u00c0 travers ce travail, vous pourrez :&#8221; font_container=&#8221;tag:p|text_align:left&#8221; custom_heading_font_weights=&#8221;font-400&#8243; css=&#8221;.vc_custom_1732970061468{margin-bottom: 24px !important;}&#8221;][vc_column_text]\u2022 Identifier et d\u00e9passer les obstacles qui freinent votre \u00e9panouissement.<\/p>\n<p>\u2022 D\u00e9velopper des outils pour faire face aux d\u00e9fis de la vie avec r\u00e9silience.<\/p>\n<p>\u2022 Explorer vos valeurs et aspirations profondes pour mieux orienter vos choix.<\/p>\n<p>\u2022 Retrouver un sentiment d\u2019harmonie int\u00e9rieure et de paix avec vous-m\u00eame.[\/vc_column_text][vc_column_text]Chaque \u00e9tape de cette d\u00e9marche est une opportunit\u00e9 pour vous reconnecter \u00e0 vos ressources personnelles et avancer sereinement vers un mieux-\u00eatre durable.<\/p>\n<p>Si vous ressentez le besoin de mieux vous comprendre, de surmonter une difficult\u00e9 ou simplement de prendre soin de vous, la th\u00e9rapie individuelle est un v\u00e9ritable cadeau que vous vous offrez. Ensemble, nous travaillerons pour vous aider \u00e0 devenir la meilleure version\u00a0de\u00a0vous-m\u00eame.[\/vc_column_text][vc_separator color=&#8221;custom&#8221; accent_color=&#8221;#eeeeee&#8221; css=&#8221;.vc_custom_1606374141624{margin-bottom: 30px !important;}&#8221;][\/vc_column][\/vc_row][vc_row content_style=&#8221;content_dark&#8221; disable_element=&#8221;yes&#8221;][vc_column content_style=&#8221;content_dark&#8221;][vc_custom_heading source=&#8221;&#8221; text=&#8221;How therapy can save your relationship?&#8221; font_container=&#8221;tag:h3|font_size:27|text_align:left|line_height:35px&#8221; custom_heading_font_weights=&#8221;font-700&#8243; css=&#8221;.vc_custom_1606374254853{margin-bottom: 20px !important;}&#8221;][vc_custom_heading source=&#8221;&#8221; text=&#8221;Condimentum torquent ornare conubia pede at ridiculus ad consequat conubia etiam lacus tortor, ac phasellus ultrices sollicitudin nullam fames odio suscipit tristique lacus luctus integer Mauris ligula sed velit ullamcorper pellentesque dapibus hymenaeos varius congue, libero et mattis. Ligula. Elit. Faucibus class euismod non varius taciti sapien nostra euismod.&#8221; font_container=&#8221;tag:p|text_align:left&#8221; custom_heading_font_weights=&#8221;font-400&#8243;][vc_empty_space][vc_row_inner equal_height=&#8221;yes&#8221; content_placement=&#8221;middle&#8221;][vc_column_inner width=&#8221;1\/2&#8243;][vc_single_image image=&#8221;920&#8243; img_size=&#8221;full&#8221; alignment=&#8221;center&#8221;][\/vc_column_inner][vc_column_inner width=&#8221;1\/2&#8243;][vc_custom_heading source=&#8221;&#8221; text=&#8221;At justo at nulla senectus phasellus porttitor op mattis dui mus per tincidunt Parturient class de blandit, montes nulla. Id habitasse ligula fames etiam. Quam hac etiam primis aptent nullam ligula dolor taciti quam.&#8221; font_container=&#8221;tag:p|text_align:left&#8221; custom_heading_font_weights=&#8221;font-400&#8243; css=&#8221;.vc_custom_1606374363179{margin-bottom: 24px !important;}&#8221;][vc_column_text]<\/p>\n<ul style=\"padding-left: 17px;\">\n<li style=\"margin-bottom: 10px;\">Nullam nostra dis nibh ut sollicitudin vel at eros Erat in ornare risus adipiscing eget suscipit.<\/li>\n<li style=\"margin-bottom: 10px;\">Eu mollis dictum metus nisl diam purus ante nam natoque risus netus condimentum etiam pede porttitor leo duis.<\/li>\n<li>Morbi faucibus iaculis faucibus mollis lacus platea velit<\/li>\n<\/ul>\n<p>[\/vc_column_text][\/vc_column_inner][\/vc_row_inner][vc_separator color=&#8221;custom&#8221; accent_color=&#8221;#eeeeee&#8221; css=&#8221;.vc_custom_1606374739848{margin-top: 20px !important;margin-bottom: 30px !important;}&#8221;][\/vc_column][\/vc_row][vc_row content_style=&#8221;content_dark&#8221; disable_element=&#8221;yes&#8221;][vc_column content_style=&#8221;content_dark&#8221;][vc_custom_heading source=&#8221;&#8221; text=&#8221;Our Therapy Process&#8221; font_container=&#8221;tag:h4|font_size:21|text_align:left&#8221; custom_heading_font_weights=&#8221;font-700&#8243;][vc_column_text]<\/p>\n<p>Magnis hendrerit tempor commodo Venenatis quam nec nec. Purus proin egestas mi donec dictumst eget rhoncus porttitor diam diam placerat etiam ultricies. Morbi id feugiat sociosqu vel. Bibendum nonummy hac. Varius. Sapien. Sociis nec per, sem dui posuere in dis habitasse. Nec ultricies. Nec torquent posuere habitasse gravida dictum purus.<\/p>\n<p style=\"margin-top: 30px;\">Call <a style=\"font-weight: bold; text-decoration: underline;\" href=\"#\">+1 921 124 9220 <\/a>and book an appointment now.<\/p>\n<p>[\/vc_column_text][\/vc_column][\/vc_row]<\/p>\n","protected":false},"excerpt":{"rendered":"<p>[vc_row content_style=&#8221;content_dark&#8221;][vc_column content_style=&#8221;content_dark&#8221;][vc_custom_heading source=&#8221;&#8221; text=&#8221;La th\u00e9rapie individuelle est un espace privil\u00e9gi\u00e9, enti\u00e8rement d\u00e9di\u00e9 \u00e0 vous et \u00e0 votre bien-\u00eatre. Ce type d\u2019accompagnement vous permet d\u2019explorer en profondeur vos pens\u00e9es, vos \u00e9motions et vos comportements, tout en b\u00e9n\u00e9ficiant d\u2019une \u00e9coute attentive et bienveillante.&#8221; font_container=&#8221;tag:p|font_size:18|text_align:left&#8221; custom_heading_font_weights=&#8221;font-600&#8243; css=&#8221;.vc_custom_1732969882658{margin-bottom: 25px !important;}&#8221;][vc_custom_heading source=&#8221;&#8221; text=&#8221;Mon approche&#8221; font_container=&#8221;tag:h3|font_size:27|text_align:left&#8221; custom_heading_font_weights=&#8221;font-700&#8243; css=&#8221;.vc_custom_1732969899880{margin-bottom: 20px !important;}&#8221;][vc_custom_heading [&hellip;]<\/p>\n","protected":false},"author":1,"featured_media":1394,"parent":657,"menu_order":0,"comment_status":"closed","ping_status":"closed","template":"sidebar-right.php","meta":[],"_links":{"self":[{"href":"https:\/\/therapieducoach.com\/index.php\/wp-json\/wp\/v2\/pages\/771"}],"collection":[{"href":"https:\/\/therapieducoach.com\/index.php\/wp-json\/wp\/v2\/pages"}],"about":[{"href":"https:\/\/therapieducoach.com\/index.php\/wp-json\/wp\/v2\/types\/page"}],"author":[{"embeddable":true,"href":"https:\/\/therapieducoach.com\/index.php\/wp-json\/wp\/v2\/users\/1"}],"replies":[{"embeddable":true,"href":"https:\/\/therapieducoach.com\/index.php\/wp-json\/wp\/v2\/comments?post=771"}],"version-history":[{"count":11,"href":"https:\/\/therapieducoach.com\/index.php\/wp-json\/wp\/v2\/pages\/771\/revisions"}],"predecessor-version":[{"id":1401,"href":"https:\/\/therapieducoach.com\/index.php\/wp-json\/wp\/v2\/pages\/771\/revisions\/1401"}],"up":[{"embeddable":true,"href":"https:\/\/therapieducoach.com\/index.php\/wp-json\/wp\/v2\/pages\/657"}],"wp:featuredmedia":[{"embeddable":true,"href":"https:\/\/therapieducoach.com\/index.php\/wp-json\/wp\/v2\/media\/1394"}],"wp:attachment":[{"href":"https:\/\/therapieducoach.com\/index.php\/wp-json\/wp\/v2\/media?parent=771"}],"curies":[{"name":"wp","href":"https:\/\/api.w.org\/{rel}","templated":true}]}}