{"id":1149,"date":"2021-12-17T13:24:41","date_gmt":"2021-12-17T12:24:41","guid":{"rendered":"https:\/\/therapieducoach.com\/?page_id=1149"},"modified":"2021-12-17T13:24:41","modified_gmt":"2021-12-17T12:24:41","slug":"mentions-legales","status":"publish","type":"page","link":"https:\/\/therapieducoach.com\/index.php\/mentions-legales\/","title":{"rendered":"Mentions l\u00e9gales"},"content":{"rendered":"<p>[vc_row content_style=&#8221;content_dark&#8221;][vc_column content_style=&#8221;content_dark&#8221;][vc_custom_heading font_container=&#8221;tag:h2|text_align:left&#8221; custom_heading_font_weights=&#8221;font-400&#8243;][vc_column_text]Merci de lire avec attention les diff\u00e9rentes modalit\u00e9s d\u2019utilisation du pr\u00e9sent site avant d\u2019y parcourir ses pages. En vous connectant sur ce site, vous acceptez, sans r\u00e9serves, les pr\u00e9sentes modalit\u00e9s.<\/p>\n<p>Aussi, conform\u00e9ment \u00e0 l\u2019article n\u00b06 de la Loi n\u00b02004-575 du 21 Juin 2004 pour la confiance dans l\u2019\u00e9conomie num\u00e9rique, les responsables du pr\u00e9sent site internet https:\/\/therapieducoach.com\/ sont :<\/p>\n<p><b>\u00c9diteur du Site :<\/b><\/p>\n<p>SISSOKO Sadio Entrepreneur Individuel<\/p>\n<p>Num\u00e9ro de SIRET : 510 555 949 00039<\/p>\n<p>26 avenue Henri Dunant , 77100 Meaux<\/p>\n<p><b>H\u00e9bergement :<\/b><\/p>\n<p>H\u00e9bergeur : OVH Groupe SAS<br \/>\n2, rue Kellermann, 59100 Roubaix<\/p>\n<p><b>D\u00e9veloppement<\/b><b>\u00a0:<\/b><\/p>\n<p>Catherine VITALE<\/p>\n<p>email: catherine.vitale93@gmail.com<\/p>\n<p><b>Conditions d\u2019utilisation :<\/b><\/p>\n<p>Ce site\u00a0est propos\u00e9 en diff\u00e9rents langages web (HTML, HTML5, Javascript, CSS, etc\u2026) pour un meilleur confort d\u2019utilisation et un graphisme plus agr\u00e9able.<\/p>\n<p>Nous vous recommandons de recourir \u00e0 des navigateurs modernes comme Internet explorer, Safari, Firefox, Google Chrome, etc\u2026<\/p>\n<p>L&#8217;\u00e9diteur du site ne r\u00e9pond pas de la disponibilit\u00e9 de tels sites et sources externes, ni ne la garantit. Elle ne peut \u00eatre tenue pour responsable de tout dommage, de quelque nature que ce soit, r\u00e9sultant du contenu de ces sites ou sources externes, et notamment des informations, produits ou services qu\u2019ils proposent, ou de tout usage qui peut \u00eatre fait de ces \u00e9l\u00e9ments. Les risques li\u00e9s \u00e0 cette utilisation incombent pleinement \u00e0 l\u2019internaute, qui doit se conformer \u00e0 leurs conditions d\u2019utilisation.[\/vc_column_text][\/vc_column][\/vc_row]<\/p>\n","protected":false},"excerpt":{"rendered":"<p>[vc_row content_style=&#8221;content_dark&#8221;][vc_column content_style=&#8221;content_dark&#8221;][vc_custom_heading font_container=&#8221;tag:h2|text_align:left&#8221; custom_heading_font_weights=&#8221;font-400&#8243;][vc_column_text]Merci de lire avec attention les diff\u00e9rentes modalit\u00e9s d\u2019utilisation du pr\u00e9sent site avant d\u2019y parcourir ses pages. En vous connectant sur ce site, vous acceptez, sans r\u00e9serves, les pr\u00e9sentes modalit\u00e9s. Aussi, conform\u00e9ment \u00e0 l\u2019article n\u00b06 de la Loi n\u00b02004-575 du 21 Juin 2004 pour la confiance dans l\u2019\u00e9conomie num\u00e9rique, les responsables [&hellip;]<\/p>\n","protected":false},"author":1,"featured_media":0,"parent":0,"menu_order":0,"comment_status":"closed","ping_status":"closed","template":"","meta":[],"_links":{"self":[{"href":"https:\/\/therapieducoach.com\/index.php\/wp-json\/wp\/v2\/pages\/1149"}],"collection":[{"href":"https:\/\/therapieducoach.com\/index.php\/wp-json\/wp\/v2\/pages"}],"about":[{"href":"https:\/\/therapieducoach.com\/index.php\/wp-json\/wp\/v2\/types\/page"}],"author":[{"embeddable":true,"href":"https:\/\/therapieducoach.com\/index.php\/wp-json\/wp\/v2\/users\/1"}],"replies":[{"embeddable":true,"href":"https:\/\/therapieducoach.com\/index.php\/wp-json\/wp\/v2\/comments?post=1149"}],"version-history":[{"count":1,"href":"https:\/\/therapieducoach.com\/index.php\/wp-json\/wp\/v2\/pages\/1149\/revisions"}],"predecessor-version":[{"id":1150,"href":"https:\/\/therapieducoach.com\/index.php\/wp-json\/wp\/v2\/pages\/1149\/revisions\/1150"}],"wp:attachment":[{"href":"https:\/\/therapieducoach.com\/index.php\/wp-json\/wp\/v2\/media?parent=1149"}],"curies":[{"name":"wp","href":"https:\/\/api.w.org\/{rel}","templated":true}]}}